{"id":13,"date":"2024-01-31T14:47:41","date_gmt":"2024-01-31T14:47:41","guid":{"rendered":"https:\/\/www.elektrikaspovilas.lt\/?page_id=13"},"modified":"2024-04-27T17:37:29","modified_gmt":"2024-04-27T17:37:29","slug":"paslaugos","status":"publish","type":"page","link":"https:\/\/www.elektrikaspovilas.lt\/?page_id=13","title":{"rendered":"Teikiamos paslaugos"},"content":{"rendered":"\n<p class=\"has-text-align-center\">Elektrikas Povilas teikia \u0161ias paslaugas:<\/p>\n\n\n\n<ul class=\"wp-block-list\">\n<li>Elektros instaliacijos \u012frengimas ir remontas;<\/li>\n\n\n\n<li>Senos instaliacijos remontas, keitimas;<\/li>\n\n\n\n<li>Buitini\u0173 prietais\u0173 pajungimas;<\/li>\n\n\n\n<li>Elektros skyd\u0173 surinkimas, montavimas;<\/li>\n\n\n\n<li>\u0160viestuv\u0173, ki\u0161tukini\u0173 lizd\u0173, jungikli\u0173 montavimas;<\/li>\n\n\n\n<li>Kabeli\u0173 mov\u0173 montavimas.<\/li>\n<\/ul>\n\n\n\n<p>Jei prireik\u0117 paslaugos, kuri sara\u0161e nenurodyta. Pra\u0161ome kreiptis nurodytais kontaktais.<\/p>\n","protected":false},"excerpt":{"rendered":"<p>Elektrikas Povilas teikia \u0161ias paslaugas: Jei prireik\u0117 paslaugos, kuri sara\u0161e nenurodyta. Pra\u0161ome kreiptis nurodytais kontaktais.<\/p>\n","protected":false},"author":1,"featured_media":0,"parent":0,"menu_order":0,"comment_status":"closed","ping_status":"closed","template":"","meta":{"_ti_tpc_template_sync":false,"_ti_tpc_template_id":"","footnotes":""},"class_list":["post-13","page","type-page","status-publish","hentry"],"_links":{"self":[{"href":"https:\/\/www.elektrikaspovilas.lt\/index.php?rest_route=\/wp\/v2\/pages\/13","targetHints":{"allow":["GET"]}}],"collection":[{"href":"https:\/\/www.elektrikaspovilas.lt\/index.php?rest_route=\/wp\/v2\/pages"}],"about":[{"href":"https:\/\/www.elektrikaspovilas.lt\/index.php?rest_route=\/wp\/v2\/types\/page"}],"author":[{"embeddable":true,"href":"https:\/\/www.elektrikaspovilas.lt\/index.php?rest_route=\/wp\/v2\/users\/1"}],"replies":[{"embeddable":true,"href":"https:\/\/www.elektrikaspovilas.lt\/index.php?rest_route=%2Fwp%2Fv2%2Fcomments&post=13"}],"version-history":[{"count":5,"href":"https:\/\/www.elektrikaspovilas.lt\/index.php?rest_route=\/wp\/v2\/pages\/13\/revisions"}],"predecessor-version":[{"id":46,"href":"https:\/\/www.elektrikaspovilas.lt\/index.php?rest_route=\/wp\/v2\/pages\/13\/revisions\/46"}],"wp:attachment":[{"href":"https:\/\/www.elektrikaspovilas.lt\/index.php?rest_route=%2Fwp%2Fv2%2Fmedia&parent=13"}],"curies":[{"name":"wp","href":"https:\/\/api.w.org\/{rel}","templated":true}]}}